{"id":2289,"date":"2025-08-04T21:21:13","date_gmt":"2025-08-04T21:21:13","guid":{"rendered":"https:\/\/dietetykdlakazdego.pl\/?post_type=product&#038;p=2289"},"modified":"2025-08-04T21:30:21","modified_gmt":"2025-08-04T21:30:21","slug":"prowadzenie-dietetyczne-online-3-miesiace-16","status":"publish","type":"product","link":"https:\/\/dietetykdlakazdego.pl\/index.php\/product\/prowadzenie-dietetyczne-online-3-miesiace-16\/","title":{"rendered":"Prowadzenie dietetyczne online &#8211; 3 miesi\u0105ce (-16%)"},"content":{"rendered":"<p><strong>Oszcz\u0119dzasz 150 z\u0142!<\/strong><\/p>\n<p>Prowadzenie dietetyczne przez miesi\u0105c, w sk\u0142ad kt\u00f3rego wchodzi spersonalizowana dieta, plan suplementacji, wizyta kontrolna po miesi\u0105cu oraz gotowa lista zakup\u00f3w i lista wymiennik\u00f3w do jad\u0142ospisu. Ponadto masz sta\u0142y kontakt z dietetykiem poprzez specjaln\u0105 aplikacj\u0119 mobiln\u0105 dla pacjent\u00f3w.<\/p>\n<p>\ud83e\udd57 Spersonalizowana dieta &#8211; otrzymasz jad\u0142ospis u\u0142o\u017cony na podstawie ankiety i wywiadu przeprowadzonego na pierwszej wizycie. Po ka\u017cdej wizycie kontrolnej mo\u017cemy zmodyfikowa\u0107 jad\u0142ospis pod Twoje preferencje.<\/p>\n<p>\ud83d\udc8a Plan suplementacji &#8211; dobrany pod Twoje cele i bud\u017cet.<\/p>\n<p>\ud83d\udccb Lista zakup\u00f3w i wymiennik\u00f3w &#8211; \u017ceby zawsze wiedzie\u0107 co kupi\u0107, a w razie potrzeby \u0142atwo zamieni\u0107 produkty w diecie.<\/p>\n<p>\ud83e\uddd1\ud83c\udffc\u200d\u2695\ufe0f Konsultacja online &#8211; co miesi\u0105c po\u0142\u0105czymy si\u0119 online \u017ceby om\u00f3wi\u0107 dotychczasowe wyniki i obra\u0107 dalsz\u0105 \u015bcie\u017ck\u0119.<\/p>\n<p>\ud83d\udcf1 Sta\u0142y kontakt &#8211; otrzymasz ode mnie aplikacj\u0119 na telefon, w kt\u00f3rej dost\u0119pne s\u0105 wszystkie jad\u0142ospisy oraz czat z dietetykiem 24\/7.<\/p>\n","protected":false},"excerpt":{"rendered":"<p><strong>Oszcz\u0119dzasz 150 z\u0142!<\/strong><\/p>\n<p>Prowadzenie dietetyczne przez miesi\u0105c, w sk\u0142ad kt\u00f3rego wchodzi spersonalizowana dieta, plan suplementacji, wizyta kontrolna po miesi\u0105cu oraz gotowa lista zakup\u00f3w i lista wymiennik\u00f3w do jad\u0142ospisu. Ponadto masz sta\u0142y kontakt z dietetykiem poprzez specjaln\u0105 aplikacj\u0119 mobiln\u0105 dla pacjent\u00f3w.<\/p>\n<p>\ud83e\udd57 Spersonalizowana dieta &#8211; otrzymasz jad\u0142ospis u\u0142o\u017cony na podstawie ankiety i wywiadu przeprowadzonego na pierwszej wizycie. Po ka\u017cdej wizycie kontrolnej mo\u017cemy zmodyfikowa\u0107 jad\u0142ospis pod Twoje preferencje.<\/p>\n<p>\ud83d\udc8a Plan suplementacji &#8211; dobrany pod Twoje cele i bud\u017cet.<\/p>\n<p>\ud83d\udccb Lista zakup\u00f3w i wymiennik\u00f3w &#8211; \u017ceby zawsze wiedzie\u0107 co kupi\u0107, a w razie potrzeby \u0142atwo zamieni\u0107 produkty w diecie.<\/p>\n<p>\ud83e\uddd1\ud83c\udffc\u200d\u2695\ufe0f Konsultacja online &#8211; co miesi\u0105c po\u0142\u0105czymy si\u0119 online \u017ceby om\u00f3wi\u0107 dotychczasowe wyniki i obra\u0107 dalsz\u0105 \u015bcie\u017ck\u0119.<\/p>\n<p>\ud83d\udcf1 Sta\u0142y kontakt &#8211; otrzymasz ode mnie aplikacj\u0119 na telefon, w kt\u00f3rej dost\u0119pne s\u0105 wszystkie jad\u0142ospisy oraz czat z dietetykiem 24\/7.<\/p>\n","protected":false},"featured_media":2290,"comment_status":"open","ping_status":"closed","template":"","meta":[],"product_brand":[],"product_cat":[43],"product_tag":[],"class_list":{"0":"post-2289","1":"product","2":"type-product","3":"status-publish","4":"has-post-thumbnail","6":"product_cat-prowadzenie-dietetyczne-online","8":"first","9":"instock","10":"sale","11":"virtual","12":"purchasable","13":"product-type-simple"},"_links":{"self":[{"href":"https:\/\/dietetykdlakazdego.pl\/index.php\/wp-json\/wp\/v2\/product\/2289","targetHints":{"allow":["GET"]}}],"collection":[{"href":"https:\/\/dietetykdlakazdego.pl\/index.php\/wp-json\/wp\/v2\/product"}],"about":[{"href":"https:\/\/dietetykdlakazdego.pl\/index.php\/wp-json\/wp\/v2\/types\/product"}],"replies":[{"embeddable":true,"href":"https:\/\/dietetykdlakazdego.pl\/index.php\/wp-json\/wp\/v2\/comments?post=2289"}],"wp:featuredmedia":[{"embeddable":true,"href":"https:\/\/dietetykdlakazdego.pl\/index.php\/wp-json\/wp\/v2\/media\/2290"}],"wp:attachment":[{"href":"https:\/\/dietetykdlakazdego.pl\/index.php\/wp-json\/wp\/v2\/media?parent=2289"}],"wp:term":[{"taxonomy":"product_brand","embeddable":true,"href":"https:\/\/dietetykdlakazdego.pl\/index.php\/wp-json\/wp\/v2\/product_brand?post=2289"},{"taxonomy":"product_cat","embeddable":true,"href":"https:\/\/dietetykdlakazdego.pl\/index.php\/wp-json\/wp\/v2\/product_cat?post=2289"},{"taxonomy":"product_tag","embeddable":true,"href":"https:\/\/dietetykdlakazdego.pl\/index.php\/wp-json\/wp\/v2\/product_tag?post=2289"}],"curies":[{"name":"wp","href":"https:\/\/api.w.org\/{rel}","templated":true}]}}