{"id":742,"date":"2021-10-29T08:15:56","date_gmt":"2021-10-29T08:15:56","guid":{"rendered":"https:\/\/demo.athemes.com\/sydney-main\/?page_id=7"},"modified":"2023-08-01T18:27:53","modified_gmt":"2023-08-01T18:27:53","slug":"my-blog-page","status":"publish","type":"page","link":"https:\/\/dietetykdlakazdego.pl\/index.php\/my-blog-page\/","title":{"rendered":"M\u00f3j blog"},"content":{"rendered":"\t\t<div data-elementor-type=\"wp-page\" data-elementor-id=\"742\" class=\"elementor elementor-742\">\n\t\t\t\t\t\t<section class=\"elementor-section elementor-top-section elementor-element elementor-element-9615508 elementor-section-boxed elementor-section-height-default elementor-section-height-default\" data-id=\"9615508\" data-element_type=\"section\" data-e-type=\"section\">\n\t\t\t\t\t\t<div class=\"elementor-container elementor-column-gap-default\">\n\t\t\t\t\t<div class=\"elementor-column elementor-col-100 elementor-top-column elementor-element elementor-element-1d65898\" data-id=\"1d65898\" data-element_type=\"column\" data-e-type=\"column\">\n\t\t\t<div class=\"elementor-widget-wrap elementor-element-populated\">\n\t\t\t\t\t\t<div class=\"elementor-element elementor-element-ed3ed02 elementor-widget elementor-widget-elementskit-blog-posts\" data-id=\"ed3ed02\" data-element_type=\"widget\" data-e-type=\"widget\" data-widget_type=\"elementskit-blog-posts.default\">\n\t\t\t\t<div class=\"elementor-widget-container\">\n\t\t\t\t\t<div class=\"ekit-wid-con\" >        <div id=\"post-items--ed3ed02\" class=\"row post-items\">\n                    <div class=\"col-md-12\">\n\n                                    <div class=\"elementskit-blog-block-post\">\n                        <div class=\"row no-gutters\">\n                                                            <div class=\"col-md-6 order-1\">\n                                    <a href=\"https:\/\/dietetykdlakazdego.pl\/index.php\/2023\/08\/01\/aspartam\/\" class=\"elementskit-entry-thumb\">\n                                        <img decoding=\"async\" src=\"https:\/\/dietetykdlakazdego.pl\/wp-content\/uploads\/2023\/08\/21870315_m-1.webp\" alt=\"Aspartam jednak rakotw\u00f3czy? Najnowsze stanowisko WHO\">\n                                    <\/a><!-- .elementskit-entry-thumb END -->\n                                <\/div>\n                            \n                            <div class=\"col-md-6 order-2\">\n                                <div class=\"elementskit-post-body \">\n                                    <div class=\"elementskit-entry-header\">\n                                        \t\t\t\t\t\t\t\t\t\t\t\t\t\t\t<h2 class=\"entry-title\">\n\t\t\t\t\t<a href=\"https:\/\/dietetykdlakazdego.pl\/index.php\/2023\/08\/01\/aspartam\/\">\n\t\t\t\t\t\tAspartam jednak rakotw\u00f3czy? Najnowsze stanowisko WHO\t\t\t\t\t<\/a>\n\t\t\t\t<\/h2>\n\t\t\t                                        \n                                                                                            \t\t\t\t\t\t\t\t\t\t\t<div class=\"post-meta-list\">\n\t\t\t\t\t\t\t\t\t\t\t\t\t\t\t\t\t\t\t\t\t\t\t\t<span class=\"meta-author\">\n\t\t\t\t\t\t\t\t\t\t\t\t\t\t\t\t\t\t\t\t\t<i aria-hidden=\"true\" class=\"icon icon-user\"><\/i>\t\t\t\t\t\t\t\t\t\t\t\t\t\t\t\t\t\t\t\t<a href=\"https:\/\/dietetykdlakazdego.pl\/index.php\/author\/admin8915\/\" class=\"author-name\">Mateusz Wilemski<\/a>\n\t\t\t\t\t\t\t\t\t<\/span>\n\t\t\t\t\t\t\t\t\t\t\t\t\t\t\t\t\t\t\t\t\t\t\t\t\t\t\t\t\t\t\t\t\t\t\t\t\t\t\t\t\t\t\t\t\t\t\t\t\t\t\t\t\t\t\t\t\t\t\t\t\t\t\t\t<span class=\"meta-date\">\n\t\t\t\t\t\t\t\t\t\t<i aria-hidden=\"true\" class=\"icon icon-calendar3\"><\/i>\t\t\t\t\t\t\t\t\t\t<span class=\"meta-date-text\">\n\t\t\t\t\t\t\t\t\t\t\t1 sierpnia, 2023\t\t\t\t\t\t\t\t\t\t<\/span>\n\t\t\t\t\t\t\t\t\t<\/span>\n\t\t\t\t\t\t\t\t\t\t\t\t\t\t\t\t\t\t\t\t\t\t\t\t\t\t\t\t\t\t\t\t\t\t\t\t\t\t\t\t\t\t\t\t\t\t\t\t\t\t\t\t\t\t\t\t\t\t\t\t\t\t\t\t<span class=\"post-cat\">\n\t\t\t\t\t\t\t\t\t\t<i aria-hidden=\"true\" class=\"icon icon-folder\"><\/i>\t\t\t\t\t\t\t\t\t\t<a href=\"https:\/\/dietetykdlakazdego.pl\/index.php\/category\/badania-naukowe\/\" rel=\"category tag\">Badania naukowe<\/a> | <a href=\"https:\/\/dietetykdlakazdego.pl\/index.php\/category\/dieta\/\" rel=\"category tag\">Dieta<\/a>\t\t\t\t\t\t\t\t\t<\/span>\n\t\t\t\t\t\t\t\t\t\t\t\t\t\t\t\t\t\t\t\t\t\t\t\t\t\t\t\t\t<\/div>\n\t\t\t\t\t                                            \n                                            \n                                                                                <\/div><!-- .elementskit-entry-header END -->\n\n                                                                            <div class=\"elementskit-post-footer\">\n                                                                                            <p>Aspartam jednak rakotw\u00f3rczy? Najnowsze stanowisko WHO 1 sierpnia 2023 Autor: Mateusz Wilemski A wi\u0119c sta\u0142o si\u0119 \u2013 WHO dopisa\u0142o aspartam na list\u0119 [&hellip;]<\/p>\n                                                                                                                                <\/div><!-- .elementskit-post-footer END -->\n                                                                    <\/div><!-- .elementskit-post-body END -->\n                            <\/div>\n                        <\/div>\n                    <\/div><!-- .elementskit-blog-block-post .radius .gradient-bg END -->\n                \n            <\/div>\n                    <div class=\"col-md-12\">\n\n                                    <div class=\"elementskit-blog-block-post\">\n                        <div class=\"row no-gutters\">\n                                                            <div class=\"col-md-6 order-1\">\n                                    <a href=\"https:\/\/dietetykdlakazdego.pl\/index.php\/2022\/09\/21\/similique-quis-a-libero-enim-quod-corporis-2\/\" class=\"elementskit-entry-thumb\">\n                                        <img decoding=\"async\" src=\"https:\/\/dietetykdlakazdego.pl\/wp-content\/uploads\/2021\/11\/Prowadzenie-dietetyczne1-miesieczne-4.png\" alt=\"Podstawy diety \u0107wicz\u0105c na si\u0142owni\">\n                                    <\/a><!-- .elementskit-entry-thumb END -->\n                                <\/div>\n                            \n                            <div class=\"col-md-6 order-2\">\n                                <div class=\"elementskit-post-body \">\n                                    <div class=\"elementskit-entry-header\">\n                                        \t\t\t\t\t\t\t\t\t\t\t\t\t\t\t<h2 class=\"entry-title\">\n\t\t\t\t\t<a href=\"https:\/\/dietetykdlakazdego.pl\/index.php\/2022\/09\/21\/similique-quis-a-libero-enim-quod-corporis-2\/\">\n\t\t\t\t\t\tPodstawy diety \u0107wicz\u0105c na si\u0142owni\t\t\t\t\t<\/a>\n\t\t\t\t<\/h2>\n\t\t\t                                        \n                                                                                            \t\t\t\t\t\t\t\t\t\t\t<div class=\"post-meta-list\">\n\t\t\t\t\t\t\t\t\t\t\t\t\t\t\t\t\t\t\t\t\t\t\t\t<span class=\"meta-author\">\n\t\t\t\t\t\t\t\t\t\t\t\t\t\t\t\t\t\t\t\t\t<i aria-hidden=\"true\" class=\"icon icon-user\"><\/i>\t\t\t\t\t\t\t\t\t\t\t\t\t\t\t\t\t\t\t\t<a href=\"https:\/\/dietetykdlakazdego.pl\/index.php\/author\/admin8915\/\" class=\"author-name\">Mateusz Wilemski<\/a>\n\t\t\t\t\t\t\t\t\t<\/span>\n\t\t\t\t\t\t\t\t\t\t\t\t\t\t\t\t\t\t\t\t\t\t\t\t\t\t\t\t\t\t\t\t\t\t\t\t\t\t\t\t\t\t\t\t\t\t\t\t\t\t\t\t\t\t\t\t\t\t\t\t\t\t\t\t<span class=\"meta-date\">\n\t\t\t\t\t\t\t\t\t\t<i aria-hidden=\"true\" class=\"icon icon-calendar3\"><\/i>\t\t\t\t\t\t\t\t\t\t<span class=\"meta-date-text\">\n\t\t\t\t\t\t\t\t\t\t\t21 wrze\u015bnia, 2022\t\t\t\t\t\t\t\t\t\t<\/span>\n\t\t\t\t\t\t\t\t\t<\/span>\n\t\t\t\t\t\t\t\t\t\t\t\t\t\t\t\t\t\t\t\t\t\t\t\t\t\t\t\t\t\t\t\t\t\t\t\t\t\t\t\t\t\t\t\t\t\t\t\t\t\t\t\t\t\t\t\t\t\t\t\t\t\t\t\t<span class=\"post-cat\">\n\t\t\t\t\t\t\t\t\t\t<i aria-hidden=\"true\" class=\"icon icon-folder\"><\/i>\t\t\t\t\t\t\t\t\t\t<a href=\"https:\/\/dietetykdlakazdego.pl\/index.php\/category\/dieta\/\" rel=\"category tag\">Dieta<\/a> | <a href=\"https:\/\/dietetykdlakazdego.pl\/index.php\/category\/trening\/\" rel=\"category tag\">Trening<\/a>\t\t\t\t\t\t\t\t\t<\/span>\n\t\t\t\t\t\t\t\t\t\t\t\t\t\t\t\t\t\t\t\t\t\t\t\t\t\t\t\t\t<\/div>\n\t\t\t\t\t                                            \n                                            \n                                                                                <\/div><!-- .elementskit-entry-header END -->\n\n                                                                            <div class=\"elementskit-post-footer\">\n                                                                                            <p>Podstawy diety \u0107wicz\u0105c na si\u0142owni Kupuj\u0105c karnet na si\u0142owni\u0119 zazwyczaj my\u015blimy o poprawie naszej sylwetki. \u017beby zbudowa\u0107 wymarzon\u0105 sylwetk\u0119 trzeba opr\u00f3cz trening\u00f3w [&hellip;]<\/p>\n                                                                                                                                <\/div><!-- .elementskit-post-footer END -->\n                                                                    <\/div><!-- .elementskit-post-body END -->\n                            <\/div>\n                        <\/div>\n                    <\/div><!-- .elementskit-blog-block-post .radius .gradient-bg END -->\n                \n            <\/div>\n                <\/div>\n       <\/div>\t\t\t\t<\/div>\n\t\t\t\t<\/div>\n\t\t\t\t\t<\/div>\n\t\t<\/div>\n\t\t\t\t\t<\/div>\n\t\t<\/section>\n\t\t\t\t<\/div>\n\t\t","protected":false},"excerpt":{"rendered":"<p>Aspartam jednak rakotw\u00f3czy? Najnowsze stanowisko WHO Mateusz Wilemski 1 sierpnia, 2023 Badania naukowe | Dieta Aspartam jednak rakotw\u00f3rczy? Najnowsze stanowisko WHO A [&hellip;]<\/p>\n","protected":false},"author":1,"featured_media":0,"parent":0,"menu_order":0,"comment_status":"closed","ping_status":"closed","template":"","meta":{"footnotes":""},"class_list":["post-742","page","type-page","status-publish","hentry"],"_links":{"self":[{"href":"https:\/\/dietetykdlakazdego.pl\/index.php\/wp-json\/wp\/v2\/pages\/742","targetHints":{"allow":["GET"]}}],"collection":[{"href":"https:\/\/dietetykdlakazdego.pl\/index.php\/wp-json\/wp\/v2\/pages"}],"about":[{"href":"https:\/\/dietetykdlakazdego.pl\/index.php\/wp-json\/wp\/v2\/types\/page"}],"author":[{"embeddable":true,"href":"https:\/\/dietetykdlakazdego.pl\/index.php\/wp-json\/wp\/v2\/users\/1"}],"replies":[{"embeddable":true,"href":"https:\/\/dietetykdlakazdego.pl\/index.php\/wp-json\/wp\/v2\/comments?post=742"}],"version-history":[{"count":8,"href":"https:\/\/dietetykdlakazdego.pl\/index.php\/wp-json\/wp\/v2\/pages\/742\/revisions"}],"predecessor-version":[{"id":1320,"href":"https:\/\/dietetykdlakazdego.pl\/index.php\/wp-json\/wp\/v2\/pages\/742\/revisions\/1320"}],"wp:attachment":[{"href":"https:\/\/dietetykdlakazdego.pl\/index.php\/wp-json\/wp\/v2\/media?parent=742"}],"curies":[{"name":"wp","href":"https:\/\/api.w.org\/{rel}","templated":true}]}}